{"id":11,"date":"2021-01-01T11:08:30","date_gmt":"2021-01-01T11:08:30","guid":{"rendered":"http:\/\/qestway.pl\/?page_id=11"},"modified":"2021-01-01T17:28:57","modified_gmt":"2021-01-01T17:28:57","slug":"nowe-muzeum-sztuki-nowoczesnej-otwarlo-swoje-powoje","status":"publish","type":"page","link":"https:\/\/qestway.pl\/","title":{"rendered":"Fundacja Qest The Way"},"content":{"rendered":"\n<div class=\"wp-block-group alignwide\"><div class=\"wp-block-group__inner-container\">\n<h2 class=\"has-text-align-center\"><\/h2>\n\n\n\n<blockquote class=\"wp-block-quote\"><p>Celem g\u0142\u00f3wnym Fundacji jest poszukiwanie nowych dr\u00f3g i nowych rozwi\u0105za\u0144 \ud83d\ude42<\/p><\/blockquote>\n\n\n\n<figure class=\"wp-block-image size-large\"><img loading=\"lazy\" width=\"598\" height=\"336\" src=\"http:\/\/qestway.pl\/wp-content\/uploads\/2021\/01\/str-glowna-b.png\" alt=\"\" class=\"wp-image-66\" srcset=\"https:\/\/qestway.pl\/wp-content\/uploads\/2021\/01\/str-glowna-b.png 598w, https:\/\/qestway.pl\/wp-content\/uploads\/2021\/01\/str-glowna-b-300x169.png 300w\" sizes=\"(max-width: 598px) 100vw, 598px\" \/><\/figure>\n<\/div><\/div>\n\n\n\n<div class=\"wp-block-columns alignwide\">\n<div class=\"wp-block-column\">\n<div class=\"wp-block-group\"><div class=\"wp-block-group__inner-container\">\n<figure class=\"wp-block-image alignfull size-large\"><img loading=\"lazy\" width=\"960\" height=\"540\" src=\"http:\/\/qestway.pl\/wp-content\/uploads\/2021\/01\/background-2242685_960_720.jpg\" alt=\"\" class=\"wp-image-40\" srcset=\"https:\/\/qestway.pl\/wp-content\/uploads\/2021\/01\/background-2242685_960_720.jpg 960w, https:\/\/qestway.pl\/wp-content\/uploads\/2021\/01\/background-2242685_960_720-300x169.jpg 300w, https:\/\/qestway.pl\/wp-content\/uploads\/2021\/01\/background-2242685_960_720-768x432.jpg 768w\" sizes=\"(max-width: 960px) 100vw, 960px\" \/><\/figure>\n\n\n\n<h3><span style=\"color:#514958\" class=\"has-inline-color\">Prace i dni<\/span><\/h3>\n\n\n\n<p>Sierpie\u0144 1 &#8212; Grudzie\u0144 1<\/p>\n\n\n\n<div class=\"wp-block-button is-style-outline\"><a class=\"wp-block-button__link\" href=\"https:\/\/www.paypal.com\/donate?hosted_button_id=76X9ALXFESQZG\">Czytaj wi\u0119cej<\/a><\/div>\n\n\n\n<p><\/p>\n<\/div><\/div>\n\n\n\n<div class=\"wp-block-group\"><div class=\"wp-block-group__inner-container\">\n<figure class=\"wp-block-image alignfull size-large\"><img loading=\"lazy\" width=\"512\" height=\"320\" src=\"http:\/\/qestway.pl\/wp-content\/uploads\/2021\/01\/unnamed-1.jpg\" alt=\"\" class=\"wp-image-42\" srcset=\"https:\/\/qestway.pl\/wp-content\/uploads\/2021\/01\/unnamed-1.jpg 512w, https:\/\/qestway.pl\/wp-content\/uploads\/2021\/01\/unnamed-1-300x188.jpg 300w\" sizes=\"(max-width: 512px) 100vw, 512px\" \/><\/figure>\n\n\n\n<h3><span style=\"color:#514958\" class=\"has-inline-color\">Obszar dzia\u0142ania<\/span><\/h3>\n\n\n\n<p>Pa\u017adziernik 1 &#8212; Grudzie\u0144 1<\/p>\n\n\n\n<div class=\"wp-block-button is-style-outline\"><a class=\"wp-block-button__link\" href=\"https:\/\/www.paypal.com\/donate?hosted_button_id=76X9ALXFESQZG\">Czytaj wi\u0119cej<\/a><\/div>\n<\/div><\/div>\n<\/div>\n\n\n\n<div class=\"wp-block-column\">\n<div class=\"wp-block-group\"><div class=\"wp-block-group__inner-container\">\n<figure class=\"wp-block-image alignfull size-large\"><img loading=\"lazy\" width=\"512\" height=\"384\" src=\"http:\/\/qestway.pl\/wp-content\/uploads\/2021\/01\/unnamed-6.jpg\" alt=\"\" class=\"wp-image-41\" srcset=\"https:\/\/qestway.pl\/wp-content\/uploads\/2021\/01\/unnamed-6.jpg 512w, https:\/\/qestway.pl\/wp-content\/uploads\/2021\/01\/unnamed-6-300x225.jpg 300w\" sizes=\"(max-width: 512px) 100vw, 512px\" \/><\/figure>\n\n\n\n<h3><span style=\"color:#514958\" class=\"has-inline-color\">\u017bycie na kt\u00f3re zas\u0142uguj\u0119<\/span><\/h3>\n\n\n\n<p>Sierpie\u0144 1 &#8212; Grudzie\u0144 1<\/p>\n\n\n\n<div class=\"wp-block-button is-style-outline\"><a class=\"wp-block-button__link\" href=\"https:\/\/www.paypal.com\/donate?hosted_button_id=76X9ALXFESQZG\">Czytaj wi\u0119cej<\/a><\/div>\n<\/div><\/div>\n\n\n\n<div class=\"wp-block-group\"><div class=\"wp-block-group__inner-container\">\n<figure class=\"wp-block-image alignfull size-large\"><img loading=\"lazy\" width=\"512\" height=\"320\" src=\"http:\/\/qestway.pl\/wp-content\/uploads\/2021\/01\/unnamed-3.jpg\" alt=\"\" class=\"wp-image-43\" srcset=\"https:\/\/qestway.pl\/wp-content\/uploads\/2021\/01\/unnamed-3.jpg 512w, https:\/\/qestway.pl\/wp-content\/uploads\/2021\/01\/unnamed-3-300x188.jpg 300w\" sizes=\"(max-width: 512px) 100vw, 512px\" \/><\/figure>\n\n\n\n<h3><span style=\"color:#514958\" class=\"has-inline-color\">Od Signac do Matisse<\/span><\/h3>\n\n\n\n<p>Pa\u017adziernik 1 &#8212; Grudzie\u0144 1<\/p>\n\n\n\n<div class=\"wp-block-button is-style-outline\"><a class=\"wp-block-button__link\" href=\"https:\/\/www.paypal.com\/donate?hosted_button_id=76X9ALXFESQZG\">Czytaj wi\u0119cej<\/a><\/div>\n<\/div><\/div>\n<\/div>\n<\/div>\n\n\n\n<figure class=\"wp-block-image alignfull size-large\"><img loading=\"lazy\" width=\"1024\" height=\"576\" src=\"http:\/\/qestway.pl\/wp-content\/uploads\/2021\/01\/niebo-204215339778449r4wzeacma-1024x576.jpg\" alt=\"\" class=\"wp-image-45\" srcset=\"https:\/\/qestway.pl\/wp-content\/uploads\/2021\/01\/niebo-204215339778449r4wzeacma-1024x576.jpg 1024w, https:\/\/qestway.pl\/wp-content\/uploads\/2021\/01\/niebo-204215339778449r4wzeacma-300x169.jpg 300w, https:\/\/qestway.pl\/wp-content\/uploads\/2021\/01\/niebo-204215339778449r4wzeacma-768x432.jpg 768w, https:\/\/qestway.pl\/wp-content\/uploads\/2021\/01\/niebo-204215339778449r4wzeacma-1200x675.jpg 1200w, https:\/\/qestway.pl\/wp-content\/uploads\/2021\/01\/niebo-204215339778449r4wzeacma.jpg 1280w\" sizes=\"(max-width: 1024px) 100vw, 1024px\" \/><\/figure>\n\n\n\n<div class=\"wp-block-group alignwide\"><div class=\"wp-block-group__inner-container\">\n<h2 class=\"has-text-align-center has-accent-color has-text-color\"><span style=\"color:#514958\" class=\"has-inline-color\">Misja i cele Fundacji Qest The Way<\/span><\/h2>\n<\/div><\/div>\n\n\n\n<p>Celem Fundacji jest:<\/p>\n\n\n\n<p>\u2022&nbsp;&nbsp;&nbsp;&nbsp;&nbsp;&nbsp;&nbsp;&nbsp;&nbsp;&nbsp; Organizowanie i prowadzenie dzia\u0142a\u0144 w obr\u0119bie kultury, sztuki, tradycji, z obszaru rozwoju osobistego, ochrony \u015brodowiska naturalnego, a tak\u017ce w zakresie nauki, edukacji, o\u015bwiaty i wychowania na rzecz rozwoju dzieci, m\u0142odzie\u017cy i doros\u0142ych.<\/p>\n\n\n\n<p>\u2022&nbsp;&nbsp;&nbsp;&nbsp;&nbsp;&nbsp;&nbsp;&nbsp;&nbsp;&nbsp; Organizowanie i prowadzenie bada\u0144, ekspedycji i wypraw zg\u0142\u0119biaj\u0105cych r\u00f3\u017cne tradycje kulturowe.<\/p>\n\n\n\n<p>\u2022&nbsp;&nbsp;&nbsp;&nbsp;&nbsp;&nbsp;&nbsp;&nbsp;&nbsp;&nbsp; Tworzenie i prowadzenie o\u015brodk\u00f3w pracy tw\u00f3rczej, poszukiwa\u0144 filozoficznych i badania praktyk medytacyjnych.<\/p>\n\n\n\n<p>\u2022&nbsp;&nbsp;&nbsp;&nbsp;&nbsp;&nbsp;&nbsp;&nbsp;&nbsp;&nbsp; Przyczynianie si\u0119 do wzrostu \u015bwiadomo\u015bci duchowej, moralnej i spo\u0142ecznej ludzko\u015bci,<\/p>\n\n\n\n<p>\u2022&nbsp;&nbsp;&nbsp;&nbsp;&nbsp;&nbsp;&nbsp;&nbsp;&nbsp;&nbsp; Szerzenie poczucia odpowiedzialno\u015bci indywidualnej i spo\u0142ecznej za losy Ziemi i ludzko\u015bci,<\/p>\n\n\n\n<p>\u2022&nbsp;&nbsp;&nbsp;&nbsp;&nbsp;&nbsp;&nbsp;&nbsp;&nbsp;&nbsp; Wspomaganie samorealizacji ludzi we wszystkich aspektach \u017cycia, ich duchowego i tw\u00f3rczego rozwoju,<\/p>\n\n\n\n<p>\u2022&nbsp;&nbsp;&nbsp;&nbsp;&nbsp;&nbsp;&nbsp;&nbsp;&nbsp;&nbsp; Poznawanie i popularyzowanie do\u015bwiadcze\u0144 duchowego doskonalenia ludzi.,<\/p>\n\n\n\n<p>\u2022&nbsp;&nbsp;&nbsp;&nbsp;&nbsp;&nbsp;&nbsp;&nbsp;&nbsp;&nbsp; Wspieranie rozwoju zawodowego przedstawicieli r\u00f3\u017cnych profesji,<\/p>\n\n\n\n<p>\u2022&nbsp;&nbsp;&nbsp;&nbsp;&nbsp;&nbsp;&nbsp;&nbsp;&nbsp;&nbsp; Szerzenia wiedzy o mo\u017cliwo\u015bci wp\u0142ywania bioenergii na utrzymanie cia\u0142a w r\u00f3wnowadze energetycznej i eliminowanie w ten spos\u00f3b zjawisk chorobowych<\/p>\n\n\n\n<p>\u2022&nbsp;&nbsp;&nbsp;&nbsp;&nbsp;&nbsp;&nbsp;&nbsp;&nbsp;&nbsp; Promowanie dzia\u0142a\u0144 i postaw prozdrowotnych, naturoterapii, zio\u0142olecznictwa, bioenergoterapii, naturalnych metod uzdrawiania<\/p>\n\n\n\n<p>\u2022&nbsp;&nbsp;&nbsp;&nbsp;&nbsp;&nbsp;&nbsp;&nbsp;&nbsp;&nbsp; Ochrona i promocja zdrowia,<\/p>\n\n\n\n<p>\u2022&nbsp;&nbsp;&nbsp;&nbsp;&nbsp;&nbsp;&nbsp;&nbsp;&nbsp;&nbsp; Promocja, rozw\u00f3j i kszta\u0142towanie kultury fizycznej i sportu<\/p>\n\n\n\n<p>\u2022&nbsp;&nbsp;&nbsp;&nbsp;&nbsp;&nbsp;&nbsp;&nbsp;&nbsp;&nbsp; Wspieranie rozwoju cz\u0142owieka w sferze osobistej, spo\u0142ecznej i zawodowej,<\/p>\n\n\n\n<p>\u2022&nbsp;&nbsp;&nbsp;&nbsp;&nbsp;&nbsp;&nbsp;&nbsp;&nbsp;&nbsp; Pozyskiwanie zasob\u00f3w materialnych w celu rozwoju ekologicznych gospodarstw rolnych, ekologicznego budownictwa, ochrony \u015brodowiska, bazy turystycznej, wyposa\u017cenia szk\u00f3\u0142 i o\u015brodk\u00f3w kultury, \u2022&nbsp;&nbsp;&nbsp;&nbsp;&nbsp;&nbsp;&nbsp;&nbsp;&nbsp;&nbsp; Promowanie i organizowanie indywidualnych i grupowych form pomocy takich jak: interwencja kryzysowa, konsultacje psychologiczne, konsultacje duchowe, konsultacje mentoringowe i coachingowe.<\/p>\n\n\n\n<p><\/p>\n\n\n\n<div class=\"wp-block-group alignwide has-background\" style=\"background-color:#ffffff\"><div class=\"wp-block-group__inner-container\">\n<div class=\"wp-block-group\"><div class=\"wp-block-group__inner-container\">\n<h2 class=\"has-text-align-center\">Do\u0142\u0105cz i otrzymuj ekskluzywne oferty!<\/h2>\n\n\n\n<p class=\"has-text-align-center\">Subskrybenci maj\u0105 dost\u0119p do ekskluzywnych eksponat\u00f3w i wyprzeda\u017cy. <\/p>\n\n\n\n<div class=\"wp-block-button aligncenter\"><a class=\"wp-block-button__link\" href=\"https:\/\/make.wordpress.org\/core\/2019\/09\/27\/block-editor-theme-related-updates-in-wordpress-5-3\/\">Do\u0142\u0105cz do klubu<\/a><\/div>\n<\/div><\/div>\n<\/div><\/div>\n\n\n\n<figure class=\"wp-block-gallery alignwide columns-2 is-cropped\"><ul class=\"blocks-gallery-grid\"><li class=\"blocks-gallery-item\"><figure><img loading=\"lazy\" width=\"512\" height=\"320\" src=\"http:\/\/qestway.pl\/wp-content\/uploads\/2021\/01\/unnamed-3-1.jpg\" alt=\"\" data-id=\"46\" data-full-url=\"http:\/\/qestway.pl\/wp-content\/uploads\/2021\/01\/unnamed-3-1.jpg\" data-link=\"http:\/\/qestway.pl\/?attachment_id=46\" class=\"wp-image-46\" srcset=\"https:\/\/qestway.pl\/wp-content\/uploads\/2021\/01\/unnamed-3-1.jpg 512w, https:\/\/qestway.pl\/wp-content\/uploads\/2021\/01\/unnamed-3-1-300x188.jpg 300w\" sizes=\"(max-width: 512px) 100vw, 512px\" \/><\/figure><\/li><li class=\"blocks-gallery-item\"><figure><img loading=\"lazy\" width=\"1024\" height=\"576\" src=\"http:\/\/qestway.pl\/wp-content\/uploads\/2021\/01\/niebo-204215339778449r4wzeacma-1-1024x576.jpg\" alt=\"\" data-id=\"47\" data-full-url=\"http:\/\/qestway.pl\/wp-content\/uploads\/2021\/01\/niebo-204215339778449r4wzeacma-1.jpg\" data-link=\"http:\/\/qestway.pl\/?attachment_id=47\" class=\"wp-image-47\" srcset=\"https:\/\/qestway.pl\/wp-content\/uploads\/2021\/01\/niebo-204215339778449r4wzeacma-1-1024x576.jpg 1024w, https:\/\/qestway.pl\/wp-content\/uploads\/2021\/01\/niebo-204215339778449r4wzeacma-1-300x169.jpg 300w, https:\/\/qestway.pl\/wp-content\/uploads\/2021\/01\/niebo-204215339778449r4wzeacma-1-768x432.jpg 768w, https:\/\/qestway.pl\/wp-content\/uploads\/2021\/01\/niebo-204215339778449r4wzeacma-1-1200x675.jpg 1200w, https:\/\/qestway.pl\/wp-content\/uploads\/2021\/01\/niebo-204215339778449r4wzeacma-1.jpg 1280w\" sizes=\"(max-width: 1024px) 100vw, 1024px\" \/><\/figure><\/li><\/ul><\/figure>\n\n\n\n<p><\/p>\n","protected":false},"excerpt":{"rendered":"<p>Celem Fundacji jest: \u2022&nbsp;&nbsp;&nbsp;&nbsp;&nbsp;&nbsp;&nbsp;&nbsp;&nbsp;&nbsp; Organizowanie i prowadzenie dzia\u0142a\u0144 w obr\u0119bie kultury, sztuki, tradycji, z obszaru rozwoju osobistego, ochrony \u015brodowiska naturalnego, a tak\u017ce w zakresie nauki, edukacji, o\u015bwiaty i wychowania na rzecz rozwoju dzieci, m\u0142odzie\u017cy i doros\u0142ych. \u2022&nbsp;&nbsp;&nbsp;&nbsp;&nbsp;&nbsp;&nbsp;&nbsp;&nbsp;&nbsp; Organizowanie i prowadzenie bada\u0144, ekspedycji i wypraw zg\u0142\u0119biaj\u0105cych r\u00f3\u017cne tradycje kulturowe. \u2022&nbsp;&nbsp;&nbsp;&nbsp;&nbsp;&nbsp;&nbsp;&nbsp;&nbsp;&nbsp; Tworzenie i prowadzenie o\u015brodk\u00f3w pracy tw\u00f3rczej, [&hellip;]<\/p>\n","protected":false},"author":1,"featured_media":0,"parent":0,"menu_order":0,"comment_status":"closed","ping_status":"closed","template":"templates\/template-full-width.php","meta":[],"_links":{"self":[{"href":"https:\/\/qestway.pl\/index.php?rest_route=\/wp\/v2\/pages\/11"}],"collection":[{"href":"https:\/\/qestway.pl\/index.php?rest_route=\/wp\/v2\/pages"}],"about":[{"href":"https:\/\/qestway.pl\/index.php?rest_route=\/wp\/v2\/types\/page"}],"author":[{"embeddable":true,"href":"https:\/\/qestway.pl\/index.php?rest_route=\/wp\/v2\/users\/1"}],"replies":[{"embeddable":true,"href":"https:\/\/qestway.pl\/index.php?rest_route=%2Fwp%2Fv2%2Fcomments&post=11"}],"version-history":[{"count":9,"href":"https:\/\/qestway.pl\/index.php?rest_route=\/wp\/v2\/pages\/11\/revisions"}],"predecessor-version":[{"id":85,"href":"https:\/\/qestway.pl\/index.php?rest_route=\/wp\/v2\/pages\/11\/revisions\/85"}],"wp:attachment":[{"href":"https:\/\/qestway.pl\/index.php?rest_route=%2Fwp%2Fv2%2Fmedia&parent=11"}],"curies":[{"name":"wp","href":"https:\/\/api.w.org\/{rel}","templated":true}]}}