{"id":6,"date":"2021-01-01T11:08:30","date_gmt":"2021-01-01T11:08:30","guid":{"rendered":"http:\/\/qestway.pl\/?page_id=6"},"modified":"2021-01-01T11:52:35","modified_gmt":"2021-01-01T11:52:35","slug":"o-nas","status":"publish","type":"page","link":"https:\/\/qestway.pl\/?page_id=6","title":{"rendered":"O Nas"},"content":{"rendered":"\n<p>Fundacja realizuje swoje cele poprzez:<\/p>\n\n\n\n<ul><li>Zach\u0119canie ludzi do praktyk doskonalenia duchowego i ich praktycznego zastosowania w \u017cyciu codziennym,<\/li><li>Propagowanie i promowanie wiedzy o przestrzeni bioenergetycznej otaczaj\u0105cej \u015bwiat fizyczny<\/li><li>Pomoc i po\u015bredniczenie w umacnianiu pokoju, harmonii i mi\u0142o\u015bci pomi\u0119dzy pa\u0144stwami, narodami, nacjami i wszystkimi lud\u017ami,<\/li><li>Wspomaganie rozwoju potencjalnych mo\u017cliwo\u015bci cia\u0142a i umys\u0142u cz\u0142owieka, a w szczeg\u00f3lno\u015bci zdolno\u015bci&nbsp; duchowych i paranormalnych,<\/li><li>Propagowanie idea\u0142\u00f3w dobra, mi\u0142o\u015bci, czysto\u015bci i wybaczenia,<\/li><li>Propagowanie zdrowego trybu \u017cycia poprzez organizowanie grupowych i indywidualnych dzia\u0142a\u0144 z tego zakresu,<\/li><li>Propagowanie ekologii, rozwoju ekologicznych gospodarstw rolnych, ekologicznego budownictwa, ochrony \u015brodowiska, rozwoju ekologicznej bazy turystycznej, energii odnawialnej,<\/li><li>Uczestniczenia w formowaniu doskona\u0142ego spo\u0142ecze\u0144stwa, bazuj\u0105cego na zasadach wysokiej duchowo\u015bci i sprawiedliwo\u015bci,<\/li><li>Wspomaganie ludzi w rozwi\u0105zywaniu&nbsp; problem\u00f3w ekologicznych ,<\/li><li>Promowanie ochrony zdrowia, rozwoju i kszta\u0142towania kultury fizycznej i sportu,<\/li><li>Prowadzenie dzia\u0142a\u0144 z zakresu pomocy psychologicznej, mentoringowej i coachingowej w zakresie doradztwa \u017cyciowego, duchowo\u015bci, przedsi\u0119biorczo\u015bci, finans\u00f3w, kryzys\u00f3w rozwojowych i \u017cyciowych<\/li><li>Promowanie dzia\u0142a\u0144 i postaw prozdrowotnych, naturoterapii, zio\u0142olecznictwa, bioenergoterapii, naturalnych metod uzdrawiania<\/li><li>Promowanie nowych form pomocy terapeutycznej i konsultacji, mi\u0119dzy innymi przez Internet;<\/li><li>Organizowanie i finansowanie:<\/li><\/ul>\n\n\n\n<p>\u2013 konferencji, seminari\u00f3w, warsztat\u00f3w, konsultacji, kurs\u00f3w i szkole\u0144 edukacyjnych zwi\u0105zanych z celami Fundacji,<\/p>\n\n\n\n<p>\u2013 edukacji w zakresie turystyki ekologicznej, budownictwa ekologicznego, energii odnawialnej i ekologii,<\/p>\n\n\n\n<p>&#8211; wycieczek, kolonie, obozy dla dzieci i m\u0142odzie\u017cy \u0142\u0105cz\u0105ce nauk\u0119 i zabaw\u0119 na \u015bwie\u017cym powietrzu, mi\u0119dzy innymi tzw. zielone szko\u0142y.<\/p>\n\n\n\n<ul><li>&nbsp;Dzia\u0142alno\u015b\u0107 charytatywn\u0105,<\/li><li>Wydawanie publikacji non-profit \u2013 periodycznych i nieperiodycznych zwi\u0105zanych z dzia\u0142alno\u015bci\u0105 i celami Fundacji,<\/li><li>Produkcja film\u00f3w i nagra\u0144 video promuj\u0105cych dzia\u0142ania Fundacji oraz jako dzia\u0142alno\u015b\u0107 edukacyjna i szkoleniowa w tej formie,<\/li><li>Wsp\u00f3\u0142praca z organami UE, instytucjami pa\u0144stwowymi oraz organizacjami samorz\u0105dowymi i pozarz\u0105dowymi w zakresie obj\u0119tym celami Fundacji<\/li><li>Pomoc organizacyjna i prawna w tworzeniu wsp\u00f3lnych polsko-zagranicznych przedsi\u0119wzi\u0119\u0107 dotycz\u0105cych w\/w punkt\u00f3w.<\/li><\/ul>\n","protected":false},"excerpt":{"rendered":"<p>Fundacja realizuje swoje cele poprzez: Zach\u0119canie ludzi do praktyk doskonalenia duchowego i ich praktycznego zastosowania w \u017cyciu codziennym, Propagowanie i promowanie wiedzy o przestrzeni bioenergetycznej otaczaj\u0105cej \u015bwiat fizyczny Pomoc i po\u015bredniczenie w umacnianiu pokoju, harmonii i mi\u0142o\u015bci pomi\u0119dzy pa\u0144stwami, narodami, nacjami i wszystkimi lud\u017ami, Wspomaganie rozwoju potencjalnych mo\u017cliwo\u015bci cia\u0142a i umys\u0142u cz\u0142owieka, a w szczeg\u00f3lno\u015bci [&hellip;]<\/p>\n","protected":false},"author":1,"featured_media":0,"parent":0,"menu_order":0,"comment_status":"closed","ping_status":"closed","template":"","meta":[],"_links":{"self":[{"href":"https:\/\/qestway.pl\/index.php?rest_route=\/wp\/v2\/pages\/6"}],"collection":[{"href":"https:\/\/qestway.pl\/index.php?rest_route=\/wp\/v2\/pages"}],"about":[{"href":"https:\/\/qestway.pl\/index.php?rest_route=\/wp\/v2\/types\/page"}],"author":[{"embeddable":true,"href":"https:\/\/qestway.pl\/index.php?rest_route=\/wp\/v2\/users\/1"}],"replies":[{"embeddable":true,"href":"https:\/\/qestway.pl\/index.php?rest_route=%2Fwp%2Fv2%2Fcomments&post=6"}],"version-history":[{"count":2,"href":"https:\/\/qestway.pl\/index.php?rest_route=\/wp\/v2\/pages\/6\/revisions"}],"predecessor-version":[{"id":57,"href":"https:\/\/qestway.pl\/index.php?rest_route=\/wp\/v2\/pages\/6\/revisions\/57"}],"wp:attachment":[{"href":"https:\/\/qestway.pl\/index.php?rest_route=%2Fwp%2Fv2%2Fmedia&parent=6"}],"curies":[{"name":"wp","href":"https:\/\/api.w.org\/{rel}","templated":true}]}}