{"id":7,"date":"2021-01-01T11:08:30","date_gmt":"2021-01-01T11:08:30","guid":{"rendered":"http:\/\/qestway.pl\/?page_id=7"},"modified":"2021-09-07T08:25:29","modified_gmt":"2021-09-07T08:25:29","slug":"kontakt","status":"publish","type":"page","link":"https:\/\/qestway.pl\/?page_id=7","title":{"rendered":"Kontakt\/Donation"},"content":{"rendered":"\n<div class=\"wp-block-columns\">\n<div class=\"wp-block-column\" style=\"flex-basis:50%\">\n<p class=\"has-large-font-size\"><strong>Dzi\u0119kujemy za wp\u0142at\u0119 Darowizny!<\/strong><\/p>\n\n\n\n<p class=\"has-large-font-size\"><strong>Thank you for making a donation!<\/strong><\/p>\n<\/div>\n\n\n\n<div class=\"wp-block-column\" style=\"flex-basis:50%\">\n<p class=\"has-large-font-size\"><strong>Wspierasz dzia\u0142ania Fundacji Qest The Way!<\/strong><\/p>\n\n\n\n<p class=\"has-large-font-size\"><strong>You support the activities of the Qest The Way Foundation!<\/strong><\/p>\n<\/div>\n<\/div>\n\n\n\n<hr class=\"wp-block-separator has-text-color has-background has-accent-background-color has-accent-color is-style-wide\"\/>\n\n\n\n<div class=\"wp-block-columns\">\n<div class=\"wp-block-column\" style=\"flex-basis:25%\">\n<p class=\"has-text-color has-larger-font-size\" style=\"color:#1499f0\"><strong>*PayPal<\/strong><\/p>\n\n\n\n<p class=\"has-normal-font-size\"><strong>Wp\u0142a\u0107 Darowizn\u0119 poprzez PayPal!<\/strong><br><strong>Make a Donation by PayPal!<\/strong><\/p>\n<\/div>\n\n\n\n<div class=\"wp-block-column\" style=\"flex-basis:24.99%\">\n<p class=\"has-accent-color has-text-color has-large-font-size\"><strong>Click on the image to make a donation by PayPal<\/strong>!<\/p>\n<\/div>\n\n\n\n<div class=\"wp-block-column\" style=\"flex-basis:25%\"><form action=\"https:\/\/www.paypal.com\/donate\" method=\"post\" target=\"_top\">\n<input type=\"hidden\" name=\"hosted_button_id\" value=\"SPZ2V28TZ8Z8N\"><br \/>\n<input type=\"image\" src=\"https:\/\/www.paypalobjects.com\/en_US\/PL\/i\/btn\/btn_donateCC_LG.gif\" border=\"0\" name=\"submit\" title=\"PayPal - The safer, easier way to pay online!\" alt=\"Donate with PayPal button\"><br \/>\n<img loading=\"lazy\" alt=\"\" border=\"0\" src=\"https:\/\/www.paypal.com\/en_PL\/i\/scr\/pixel.gif\" width=\"1\" height=\"1\"><br \/>\n<\/form>\n\n\n\n<p><\/p>\n<\/div>\n\n\n\n<div class=\"wp-block-column\" style=\"flex-basis:25%\">\n<figure class=\"wp-block-image size-large\"><img loading=\"lazy\" width=\"168\" height=\"100\" src=\"https:\/\/qestway.pl\/wp-content\/uploads\/2021\/01\/unnamed-1.gif\" alt=\"\" class=\"wp-image-215\"\/><\/figure>\n<\/div>\n<\/div>\n\n\n\n<hr class=\"wp-block-separator has-text-color has-background has-accent-background-color has-accent-color is-style-wide\"\/>\n\n\n\n<div class=\"wp-block-columns\">\n<div class=\"wp-block-column\" style=\"flex-basis:100%\">\n<div class=\"wp-block-columns\">\n<div class=\"wp-block-column\">\n<p class=\"has-large-font-size\"><strong>*Make a Donation by DotPay!<\/strong><\/p>\n\n\n\n<figure class=\"wp-block-image size-large\"><img loading=\"lazy\" width=\"600\" height=\"150\" src=\"https:\/\/qestway.pl\/wp-content\/uploads\/2021\/01\/loveliterowe-a74a7b1ab7acb684dd60d09f8fc8cf64.png\" alt=\"\" class=\"wp-image-161\" srcset=\"https:\/\/qestway.pl\/wp-content\/uploads\/2021\/01\/loveliterowe-a74a7b1ab7acb684dd60d09f8fc8cf64.png 600w, https:\/\/qestway.pl\/wp-content\/uploads\/2021\/01\/loveliterowe-a74a7b1ab7acb684dd60d09f8fc8cf64-300x75.png 300w\" sizes=\"(max-width: 600px) 100vw, 600px\" \/><\/figure>\n\n\n\n<figure class=\"wp-block-image size-large is-resized\"><img loading=\"lazy\" src=\"https:\/\/qestway.pl\/wp-content\/uploads\/2021\/01\/unnamed.jpg\" alt=\"\" class=\"wp-image-191\" width=\"158\" height=\"67\" srcset=\"https:\/\/qestway.pl\/wp-content\/uploads\/2021\/01\/unnamed.jpg 512w, https:\/\/qestway.pl\/wp-content\/uploads\/2021\/01\/unnamed-300x128.jpg 300w\" sizes=\"(max-width: 158px) 100vw, 158px\" \/><\/figure>\n\n\n\n<figure class=\"wp-block-image size-large is-resized\"><img loading=\"lazy\" src=\"https:\/\/qestway.pl\/wp-content\/uploads\/2021\/01\/platnosc_visa-1-1024x576.jpg\" alt=\"\" class=\"wp-image-200\" width=\"153\" height=\"86\" srcset=\"https:\/\/qestway.pl\/wp-content\/uploads\/2021\/01\/platnosc_visa-1-1024x576.jpg 1024w, https:\/\/qestway.pl\/wp-content\/uploads\/2021\/01\/platnosc_visa-1-300x169.jpg 300w, https:\/\/qestway.pl\/wp-content\/uploads\/2021\/01\/platnosc_visa-1-768x432.jpg 768w, https:\/\/qestway.pl\/wp-content\/uploads\/2021\/01\/platnosc_visa-1-1200x675.jpg 1200w, https:\/\/qestway.pl\/wp-content\/uploads\/2021\/01\/platnosc_visa-1.jpg 1280w\" sizes=\"(max-width: 153px) 100vw, 153px\" \/><\/figure>\n<\/div>\n\n\n\n<div class=\"wp-block-column\">\n<p><div class=\"fmp-protect-box\" data-post-id=\"7\" data-service-id=\"2\"><div class=\"fmp-loader\"><\/div><div class=\"fmp-status\" data-post-id=\"7\" data-service-id=\"2\"><\/div><form action=\"https:\/\/ssl.dotpay.pl\/t2\/\" method=\"post\"><h4>Donation by dotpay!<h4>\n            <div class=\"fmp-invoice-details\">\n                <div class=\"fmp-invoice-data-info\"><input type=\"text\" placeholder=\"Imi\u0119\" name=\"invoice[firstname]\" class=\"fmp-required\"><input type=\"text\" placeholder=\"Nazwisko\" name=\"invoice[lastname]\" class=\"fmp-required\"><\/div>\n                <div class=\"fmp-invoice-data-info\"><input type=\"text\" placeholder=\"Ulica\" name=\"invoice[street]\" class=\"fmp-required\"><input type=\"text\" name=\"invoice[street_n1]\" class=\"fmp-required\"><span class=\"fmp-separator\">\/<\/span><input type=\"text\" name=\"invoice[street_n2]\"><\/div>\n                <div class=\"fmp-invoice-data-info\"><input type=\"text\" placeholder=\"Miasto\" name=\"invoice[city]\" class=\"fmp-required\"><input type=\"text\" placeholder=\"Kod pocztowy\" name=\"invoice[postcode]\" class=\"fmp-required\"><\/div>\n                <div class=\"fmp-invoice-data-info\"><input type=\"text\" placeholder=\"NIP\" name=\"invoice[nip]\"><\/div>\n                <input type=\"hidden\" name=\"step\" value=\"1\" \/>\n            <\/div>\n        <input type=\"text\" class=\"fmp-donation\" data-post-id=\"7\" data-service-id=\"2\" placeholder=\"Podaj kwot\u0119 darowizny\" value=\"\">PLN<input type=\"text\" class=\"fmp-code\" data-post-id=\"7\" data-service-id=\"2\" placeholder=\"Podaj email\" data-type=\"email\"> <span class=\"fmp-submit\" data-post-id=\"7\" data-service-id=\"2\">DONATION by dotpay!<\/span><\/form><\/div><\/p>\n\n\n\n<p class=\"has-text-align-center\">Darowizna na Fundacj\u0119 nie podlega opodatkowaniu wg obowi\u0105zuj\u0105cego w Polsce prawa.<\/p>\n<\/div>\n\n\n\n<div class=\"wp-block-column\">\n<p class=\"has-large-font-size\">Wp\u0142a\u0107 darowizn\u0119 dla Fundacji Qest The Way! Cele Fundacji w zak\u0142adce O NAS.<\/p>\n\n\n\n<p><\/p>\n\n\n\n<div class=\"wp-block-file\"><a href=\"https:\/\/qestway.pl\/wp-content\/uploads\/2021\/01\/Regulamin-przekazywania-darowizn-na-rzecz-FUNDACJI-QEST-THE-WAY-2.pdf\">Regulamin-przekazywania-darowizn-na-rzecz-FUNDACJI-QEST-THE-WAY-2<\/a><a href=\"https:\/\/qestway.pl\/wp-content\/uploads\/2021\/01\/Regulamin-przekazywania-darowizn-na-rzecz-FUNDACJI-QEST-THE-WAY-2.pdf\" class=\"wp-block-file__button\" download>Pobierz<\/a><\/div>\n<\/div>\n<\/div>\n<\/div>\n<\/div>\n\n\n\n<hr class=\"wp-block-separator has-text-color has-background has-accent-background-color has-accent-color is-style-wide\"\/>\n\n\n\n<div class=\"wp-block-columns alignfull are-vertically-aligned-top\">\n<div class=\"wp-block-column is-vertically-aligned-top\"><\/div>\n\n\n\n<div class=\"wp-block-column is-vertically-aligned-top\" style=\"flex-basis:25%\">\n<p class=\"has-large-font-size\"><strong>*Make a Donation by DONOBOX!<\/strong><\/p>\n<\/div>\n\n\n\n<div class=\"wp-block-column is-vertically-aligned-top\"><\/div>\n\n\n\n<div class=\"wp-block-column is-vertically-aligned-top\" style=\"flex-basis:25%\"><p><script src=\"https:\/\/donorbox.org\/widget.js\" paypalexpress=\"false\"><\/script><iframe allowpaymentrequest=\"\" frameborder=\"0\" height=\"900px\" name=\"donorbox\" scrolling=\"no\" seamless=\"seamless\" src=\"https:\/\/donorbox.org\/embed\/donation-for-foundation-qest-the-way\" style=\"max-width: 500px; min-width: 250px; max-height:none!important\" width=\"100%\"><\/iframe><\/p>\n\n\n\n<p style=\"font-size:41px\"><\/p>\n<\/div>\n\n\n\n<div class=\"wp-block-column is-vertically-aligned-top\" style=\"flex-basis:25%\">\n<div class=\"wp-block-image\"><figure class=\"aligncenter size-large is-resized\"><img loading=\"lazy\" src=\"http:\/\/qestway.pl\/wp-content\/uploads\/2021\/01\/donorbox_transparent_blue_logo.png\" alt=\"\" class=\"wp-image-80\" width=\"241\" height=\"99\" srcset=\"https:\/\/qestway.pl\/wp-content\/uploads\/2021\/01\/donorbox_transparent_blue_logo.png 310w, https:\/\/qestway.pl\/wp-content\/uploads\/2021\/01\/donorbox_transparent_blue_logo-300x125.png 300w\" sizes=\"(max-width: 241px) 100vw, 241px\" \/><\/figure><\/div>\n<\/div>\n\n\n\n<div class=\"wp-block-column is-vertically-aligned-top\" style=\"flex-basis:25%\">\n<div class=\"wp-block-columns\">\n<div class=\"wp-block-column is-vertically-aligned-center\" style=\"flex-basis:100%\"><\/div>\n<\/div>\n<\/div>\n<\/div>\n\n\n\n<hr class=\"wp-block-separator has-text-color has-background has-accent-background-color has-accent-color is-style-wide\"\/>\n\n\n\n<div class=\"wp-block-columns\">\n<div class=\"wp-block-column\" style=\"flex-basis:16.67%\"><\/div>\n\n\n\n<div class=\"wp-block-column\" style=\"flex-basis:16.67%\"><\/div>\n\n\n\n<div class=\"wp-block-column\" style=\"flex-basis:16.67%\"><\/div>\n\n\n\n<div class=\"wp-block-column\" style=\"flex-basis:16.67%\"><\/div>\n<\/div>\n\n\n\n<div class=\"wp-block-file\"><a href=\"https:\/\/qestway.pl\/wp-content\/uploads\/2021\/01\/Regulamin-przekazywania-darowizn-na-rzecz-FUNDACJI-QEST-THE-WAY.pdf\"><br>Regulamin-przekazywania-darowizn-na-rzecz-FUNDACJI-QEST-THE-WAY<\/a><a href=\"https:\/\/qestway.pl\/wp-content\/uploads\/2021\/01\/Regulamin-przekazywania-darowizn-na-rzecz-FUNDACJI-QEST-THE-WAY.pdf\" class=\"wp-block-file__button\" download>Pobierz<\/a><\/div>\n\n\n\n<p><strong>Dzi\u0119kujemy za wp\u0142aty Darowizn<\/strong><\/p>\n\n\n\n<p>Dane do przelewu<\/p>\n\n\n\n<p class=\"has-accent-color has-text-color\"><strong>FUNDACJA QEST THE WAY<\/strong><\/p>\n\n\n\n<p class=\"has-accent-color has-text-color\">Rychnowy 100<\/p>\n\n\n\n<p class=\"has-accent-color has-text-color\">77-300 Cz\u0142uch\u00f3w \/ Poland<\/p>\n\n\n\n<p class=\"has-accent-color has-text-color\">email: qesttheway@gmail.com<\/p>\n\n\n\n<p class=\"has-accent-color has-text-color\">nr telefonu: +48 694 398 861<\/p>\n\n\n\n<hr class=\"wp-block-separator is-style-wide\"\/>\n\n\n\n<p>Santander Bank Polska S.A. \u2013 kod SWIFT:&nbsp;<strong>WBKPPLPP<\/strong><\/p>\n\n\n\n<p><strong>Rachunek bankowy PLN<\/strong>: PL 04 1090 1098 0000 0001 4695 8868<\/p>\n\n\n\n<p><strong>Rachunek bankowy EUR<\/strong>: PL 07 1090 1098 0000 0001 4695 8911<\/p>\n\n\n\n<p><strong>Rachunek bankowy USD<\/strong>: PL 94 1090 1098 0000 0001 4695 8897<\/p>\n\n\n\n<hr class=\"wp-block-separator has-text-color has-background has-accent-background-color has-accent-color is-style-wide\"\/>\n\n\n\n<p class=\"has-accent-color has-text-color\"><strong>NAPISZ DO NAS<\/strong><\/p>\n\n\n\n<p>qesttheway@gmail.com<\/p>\n\n\n\n<div role=\"form\" class=\"wpcf7\" id=\"wpcf7-f58-o1\" lang=\"pl-PL\" dir=\"ltr\">\n<div class=\"screen-reader-response\"><p role=\"status\" aria-live=\"polite\" aria-atomic=\"true\"><\/p> <ul><\/ul><\/div>\n<form action=\"\/index.php?rest_route=%2Fwp%2Fv2%2Fpages%2F7#wpcf7-f58-o1\" method=\"post\" class=\"wpcf7-form init\" novalidate=\"novalidate\" data-status=\"init\">\n<div style=\"display: none;\">\n<input type=\"hidden\" name=\"_wpcf7\" value=\"58\" \/>\n<input type=\"hidden\" name=\"_wpcf7_version\" value=\"5.4\" \/>\n<input type=\"hidden\" name=\"_wpcf7_locale\" value=\"pl_PL\" \/>\n<input type=\"hidden\" name=\"_wpcf7_unit_tag\" value=\"wpcf7-f58-o1\" \/>\n<input type=\"hidden\" name=\"_wpcf7_container_post\" value=\"0\" \/>\n<input type=\"hidden\" name=\"_wpcf7_posted_data_hash\" value=\"\" \/>\n<\/div>\n<p><label> Twoje imi\u0119<br \/>\n    <span class=\"wpcf7-form-control-wrap your-name\"><input type=\"text\" name=\"your-name\" value=\"\" size=\"40\" class=\"wpcf7-form-control wpcf7-text wpcf7-validates-as-required\" aria-required=\"true\" aria-invalid=\"false\" \/><\/span> <\/label><\/p>\n<p><label> Tw\u00f3j email<br \/>\n    <span class=\"wpcf7-form-control-wrap your-email\"><input type=\"email\" name=\"your-email\" value=\"\" size=\"40\" class=\"wpcf7-form-control wpcf7-text wpcf7-email wpcf7-validates-as-required wpcf7-validates-as-email\" aria-required=\"true\" aria-invalid=\"false\" \/><\/span> <\/label><\/p>\n<p><label> Temat<br \/>\n    <span class=\"wpcf7-form-control-wrap your-subject\"><input type=\"text\" name=\"your-subject\" value=\"\" size=\"40\" class=\"wpcf7-form-control wpcf7-text wpcf7-validates-as-required\" aria-required=\"true\" aria-invalid=\"false\" \/><\/span> <\/label><\/p>\n<p><label> Twoja wiadomo\u015bci (opcja)<br \/>\n    <span class=\"wpcf7-form-control-wrap your-message\"><textarea name=\"your-message\" cols=\"40\" rows=\"10\" class=\"wpcf7-form-control wpcf7-textarea\" aria-invalid=\"false\"><\/textarea><\/span> <\/label><\/p>\n<p><input type=\"submit\" value=\"Wy\u015blij\" class=\"wpcf7-form-control wpcf7-submit\" \/><\/p>\n<div class=\"wpcf7-response-output\" aria-hidden=\"true\"><\/div><\/form><\/div>\n","protected":false},"excerpt":{"rendered":"<p>Dzi\u0119kujemy za wp\u0142at\u0119 Darowizny! Thank you for making a donation! Wspierasz dzia\u0142ania Fundacji Qest The Way! You support the activities of the Qest The Way Foundation! *PayPal Wp\u0142a\u0107 Darowizn\u0119 poprzez PayPal!Make a Donation by PayPal! Click on the image to make a donation by PayPal! *Make a Donation by DONOBOX! Dzi\u0119kujemy za wp\u0142aty Darowizn Dane [&hellip;]<\/p>\n","protected":false},"author":1,"featured_media":0,"parent":0,"menu_order":0,"comment_status":"closed","ping_status":"closed","template":"templates\/template-full-width.php","meta":[],"_links":{"self":[{"href":"https:\/\/qestway.pl\/index.php?rest_route=\/wp\/v2\/pages\/7"}],"collection":[{"href":"https:\/\/qestway.pl\/index.php?rest_route=\/wp\/v2\/pages"}],"about":[{"href":"https:\/\/qestway.pl\/index.php?rest_route=\/wp\/v2\/types\/page"}],"author":[{"embeddable":true,"href":"https:\/\/qestway.pl\/index.php?rest_route=\/wp\/v2\/users\/1"}],"replies":[{"embeddable":true,"href":"https:\/\/qestway.pl\/index.php?rest_route=%2Fwp%2Fv2%2Fcomments&post=7"}],"version-history":[{"count":96,"href":"https:\/\/qestway.pl\/index.php?rest_route=\/wp\/v2\/pages\/7\/revisions"}],"predecessor-version":[{"id":247,"href":"https:\/\/qestway.pl\/index.php?rest_route=\/wp\/v2\/pages\/7\/revisions\/247"}],"wp:attachment":[{"href":"https:\/\/qestway.pl\/index.php?rest_route=%2Fwp%2Fv2%2Fmedia&parent=7"}],"curies":[{"name":"wp","href":"https:\/\/api.w.org\/{rel}","templated":true}]}}